{"id":372,"date":"2024-01-15T17:51:43","date_gmt":"2024-01-15T17:51:43","guid":{"rendered":"https:\/\/dobrydentysta.org.pl\/?page_id=372"},"modified":"2025-05-08T11:04:53","modified_gmt":"2025-05-08T11:04:53","slug":"dr-magdalena-smardzewska-gniecka","status":"publish","type":"page","link":"https:\/\/dobrydentysta.org.pl\/?page_id=372","title":{"rendered":"Dr Magdalena Smardzewska (Gniecka)"},"content":{"rendered":"\t\t<div data-elementor-type=\"wp-page\" data-elementor-id=\"372\" class=\"elementor elementor-372\">\n\t\t\t\t\t\t<section class=\"elementor-section elementor-top-section elementor-element elementor-element-bed8ec0 elementor-section-boxed elementor-section-height-default elementor-section-height-default\" data-id=\"bed8ec0\" data-element_type=\"section\" data-settings=\"{&quot;background_background&quot;:&quot;classic&quot;}\">\n\t\t\t\t\t\t<div class=\"elementor-container elementor-column-gap-default\">\n\t\t\t\t\t<div class=\"elementor-column elementor-col-100 elementor-top-column elementor-element elementor-element-fa8f106\" data-id=\"fa8f106\" data-element_type=\"column\">\n\t\t\t<div class=\"elementor-widget-wrap elementor-element-populated\">\n\t\t\t\t\t\t<div class=\"elementor-element elementor-element-987db3b elementor-widget elementor-widget-heading\" data-id=\"987db3b\" data-element_type=\"widget\" data-widget_type=\"heading.default\">\n\t\t\t\t<div class=\"elementor-widget-container\">\n\t\t\t\t\t<h1 class=\"elementor-heading-title elementor-size-xl\">Dr Magdalena Smardzewska (Gniecka)<\/h1>\t\t\t\t<\/div>\n\t\t\t\t<\/div>\n\t\t\t\t\t<\/div>\n\t\t<\/div>\n\t\t\t\t\t<\/div>\n\t\t<\/section>\n\t\t\t\t<section class=\"elementor-section elementor-top-section elementor-element elementor-element-be09040 elementor-section-boxed elementor-section-height-default elementor-section-height-default\" data-id=\"be09040\" data-element_type=\"section\">\n\t\t\t\t\t\t<div class=\"elementor-container elementor-column-gap-default\">\n\t\t\t\t\t<div class=\"elementor-column elementor-col-100 elementor-top-column elementor-element elementor-element-6085b6d\" data-id=\"6085b6d\" data-element_type=\"column\">\n\t\t\t<div class=\"elementor-widget-wrap elementor-element-populated\">\n\t\t\t\t\t\t<section class=\"elementor-section elementor-inner-section elementor-element elementor-element-7d6bd07 elementor-section-boxed elementor-section-height-default elementor-section-height-default\" data-id=\"7d6bd07\" data-element_type=\"section\">\n\t\t\t\t\t\t<div class=\"elementor-container elementor-column-gap-default\">\n\t\t\t\t\t<div class=\"elementor-column elementor-col-33 elementor-inner-column elementor-element elementor-element-2643ecf\" data-id=\"2643ecf\" data-element_type=\"column\">\n\t\t\t<div class=\"elementor-widget-wrap elementor-element-populated\">\n\t\t\t\t\t\t<div class=\"elementor-element elementor-element-9d24735 elementor-widget elementor-widget-image\" data-id=\"9d24735\" data-element_type=\"widget\" data-widget_type=\"image.default\">\n\t\t\t\t<div class=\"elementor-widget-container\">\n\t\t\t\t\t\t\t\t\t\t\t\t\t\t\t<img fetchpriority=\"high\" decoding=\"async\" width=\"500\" height=\"450\" src=\"https:\/\/dobrydentysta.org.pl\/wp-content\/uploads\/2024\/01\/39691.jpg\" class=\"attachment-large size-large wp-image-344\" alt=\"\" srcset=\"https:\/\/dobrydentysta.org.pl\/wp-content\/uploads\/2024\/01\/39691.jpg 500w, https:\/\/dobrydentysta.org.pl\/wp-content\/uploads\/2024\/01\/39691-300x270.jpg 300w\" sizes=\"(max-width: 500px) 100vw, 500px\" \/>\t\t\t\t\t\t\t\t\t\t\t\t\t\t\t<\/div>\n\t\t\t\t<\/div>\n\t\t\t\t\t<\/div>\n\t\t<\/div>\n\t\t\t\t<div class=\"elementor-column elementor-col-66 elementor-inner-column elementor-element elementor-element-5793b81\" data-id=\"5793b81\" data-element_type=\"column\">\n\t\t\t<div class=\"elementor-widget-wrap elementor-element-populated\">\n\t\t\t\t\t\t<div class=\"elementor-element elementor-element-ab977b2 elementor-widget elementor-widget-text-editor\" data-id=\"ab977b2\" data-element_type=\"widget\" data-widget_type=\"text-editor.default\">\n\t\t\t\t<div class=\"elementor-widget-container\">\n\t\t\t\t\t\t\t\t\t<p data-sourcepos=\"1:1-1:207\"><strong>D<\/strong><b>r Magdalena Smardzewska (Gniecka)<\/b> jest lekarzem dentyst\u0105 z wieloletnim do\u015bwiadczeniem. Uko\u0144czy\u0142a <b>Akademi\u0119 Medyczn\u0105 w Gda\u0144sku,<\/b> gdzie uzyska\u0142a tytu\u0142 lek. dentysty. Nast\u0119pnie odby\u0142a <u>specjalizacj\u0119 I stopnia ze stomatologii og\u00f3lnej<\/u>, a nast\u0119pnie <u>specjalizacj\u0119 II stopnia ze stomatologii zachowawczej<\/u>.&nbsp;<span style=\"background-color: var(--nv-site-bg);\">Dr Smardzewska jest r\u00f3wnie\u017c cz\u0142onkiem <b>Polskiego Towarzystwa Stomatologicznego<\/b> i r<\/span><span style=\"font-family: var( --e-global-typography-text-font-family ), Sans-serif; font-weight: var( --e-global-typography-text-font-weight ); background-color: var(--nv-site-bg); color: var(--nv-text-color); font-size: var(--bodyfontsize); letter-spacing: var(--bodyletterspacing); text-transform: var(--bodytexttransform);\">egularnie uczestniczy w szkoleniach i kursach podnosz\u0105cych swoje kwalifikacje zawodowe.<\/span><\/p>\n<p data-sourcepos=\"1:1-1:207\"><span style=\"font-family: var( --e-global-typography-text-font-family ), Sans-serif; font-weight: var( --e-global-typography-text-font-weight ); background-color: var(--nv-site-bg); color: var(--nv-text-color); font-size: var(--bodyfontsize); letter-spacing: var(--bodyletterspacing); text-transform: var(--bodytexttransform);\">Jest specjalistk\u0105 w zakresie leczenia stomatologicznego, w tym <\/span><span style=\"font-family: var( --e-global-typography-text-font-family ), Sans-serif; background-color: var(--nv-site-bg); color: var(--nv-text-color); font-size: var(--bodyfontsize); letter-spacing: var(--bodyletterspacing); text-transform: var(--bodytexttransform);\"><b>leczenia zachowawczego doros\u0142ych i dzieci<\/b><\/span><span style=\"font-family: var( --e-global-typography-text-font-family ), Sans-serif; background-color: var(--nv-site-bg); color: var(--nv-text-color); font-size: var(--bodyfontsize); letter-spacing: var(--bodyletterspacing); text-transform: var(--bodytexttransform);\"><b>, leczenia endodontycznego <\/b><\/span><span style=\"font-family: var( --e-global-typography-text-font-family ), Sans-serif; font-weight: var( --e-global-typography-text-font-weight ); background-color: var(--nv-site-bg); color: var(--nv-text-color); font-size: var(--bodyfontsize); letter-spacing: var(--bodyletterspacing); text-transform: var(--bodytexttransform);\">oraz skomplikowanych zabieg\u00f3w pod mikroskopem. Posiada bogate do\u015bwiadczenie w pracy z pacjentami doros\u0142ymi i dzie\u0107mi.<\/span><\/p>\t\t\t\t\t\t\t\t<\/div>\n\t\t\t\t<\/div>\n\t\t\t\t\t<\/div>\n\t\t<\/div>\n\t\t\t\t\t<\/div>\n\t\t<\/section>\n\t\t\t\t\t<\/div>\n\t\t<\/div>\n\t\t\t\t\t<\/div>\n\t\t<\/section>\n\t\t\t\t<\/div>\n\t\t","protected":false},"excerpt":{"rendered":"<p>Dr Magdalena Smardzewska (Gniecka) Dr Magdalena Smardzewska (Gniecka) jest lekarzem dentyst\u0105 z wieloletnim do\u015bwiadczeniem. Uko\u0144czy\u0142a Akademi\u0119 Medyczn\u0105 w Gda\u0144sku, gdzie uzyska\u0142a tytu\u0142 lek. dentysty. Nast\u0119pnie odby\u0142a specjalizacj\u0119 I stopnia ze stomatologii og\u00f3lnej, a nast\u0119pnie specjalizacj\u0119 II stopnia ze stomatologii zachowawczej.&nbsp;Dr Smardzewska jest r\u00f3wnie\u017c cz\u0142onkiem Polskiego Towarzystwa Stomatologicznego i regularnie uczestniczy w szkoleniach i kursach podnosz\u0105cych&hellip;&nbsp;<a href=\"https:\/\/dobrydentysta.org.pl\/?page_id=372\" rel=\"bookmark\">Dowiedz si\u0119 wi\u0119cej &raquo;<span class=\"screen-reader-text\">Dr Magdalena Smardzewska (Gniecka)<\/span><\/a><\/p>\n","protected":false},"author":2,"featured_media":207,"parent":0,"menu_order":0,"comment_status":"closed","ping_status":"closed","template":"elementor_header_footer","meta":{"neve_meta_sidebar":"full-width","neve_meta_container":"","neve_meta_enable_content_width":"on","neve_meta_content_width":100,"neve_meta_title_alignment":"","neve_meta_author_avatar":"","neve_post_elements_order":"","neve_meta_disable_header":"","neve_meta_disable_footer":"","neve_meta_disable_title":"","footnotes":""},"class_list":["post-372","page","type-page","status-publish","has-post-thumbnail","hentry"],"_links":{"self":[{"href":"https:\/\/dobrydentysta.org.pl\/index.php?rest_route=\/wp\/v2\/pages\/372","targetHints":{"allow":["GET"]}}],"collection":[{"href":"https:\/\/dobrydentysta.org.pl\/index.php?rest_route=\/wp\/v2\/pages"}],"about":[{"href":"https:\/\/dobrydentysta.org.pl\/index.php?rest_route=\/wp\/v2\/types\/page"}],"author":[{"embeddable":true,"href":"https:\/\/dobrydentysta.org.pl\/index.php?rest_route=\/wp\/v2\/users\/2"}],"replies":[{"embeddable":true,"href":"https:\/\/dobrydentysta.org.pl\/index.php?rest_route=%2Fwp%2Fv2%2Fcomments&post=372"}],"version-history":[{"count":13,"href":"https:\/\/dobrydentysta.org.pl\/index.php?rest_route=\/wp\/v2\/pages\/372\/revisions"}],"predecessor-version":[{"id":413,"href":"https:\/\/dobrydentysta.org.pl\/index.php?rest_route=\/wp\/v2\/pages\/372\/revisions\/413"}],"wp:featuredmedia":[{"embeddable":true,"href":"https:\/\/dobrydentysta.org.pl\/index.php?rest_route=\/wp\/v2\/media\/207"}],"wp:attachment":[{"href":"https:\/\/dobrydentysta.org.pl\/index.php?rest_route=%2Fwp%2Fv2%2Fmedia&parent=372"}],"curies":[{"name":"wp","href":"https:\/\/api.w.org\/{rel}","templated":true}]}}