{"id":361,"date":"2024-01-15T17:46:18","date_gmt":"2024-01-15T17:46:18","guid":{"rendered":"https:\/\/dobrydentysta.org.pl\/?page_id=361"},"modified":"2024-01-15T17:49:29","modified_gmt":"2024-01-15T17:49:29","slug":"dr-irodenko","status":"publish","type":"page","link":"https:\/\/dobrydentysta.org.pl\/?page_id=361","title":{"rendered":"Dr Ma\u0142gorzata Irodenko"},"content":{"rendered":"\t\t<div data-elementor-type=\"wp-page\" data-elementor-id=\"361\" class=\"elementor elementor-361\">\n\t\t\t\t\t\t<section class=\"elementor-section elementor-top-section elementor-element elementor-element-bed8ec0 elementor-section-boxed elementor-section-height-default elementor-section-height-default\" data-id=\"bed8ec0\" data-element_type=\"section\" data-settings=\"{&quot;background_background&quot;:&quot;classic&quot;}\">\n\t\t\t\t\t\t<div class=\"elementor-container elementor-column-gap-default\">\n\t\t\t\t\t<div class=\"elementor-column elementor-col-100 elementor-top-column elementor-element elementor-element-fa8f106\" data-id=\"fa8f106\" data-element_type=\"column\">\n\t\t\t<div class=\"elementor-widget-wrap elementor-element-populated\">\n\t\t\t\t\t\t<div class=\"elementor-element elementor-element-987db3b elementor-widget elementor-widget-heading\" data-id=\"987db3b\" data-element_type=\"widget\" data-widget_type=\"heading.default\">\n\t\t\t\t<div class=\"elementor-widget-container\">\n\t\t\t\t\t<h1 class=\"elementor-heading-title elementor-size-xl\">DR Ma\u0141gorzata Irodenko<\/h1>\t\t\t\t<\/div>\n\t\t\t\t<\/div>\n\t\t\t\t\t<\/div>\n\t\t<\/div>\n\t\t\t\t\t<\/div>\n\t\t<\/section>\n\t\t\t\t<section class=\"elementor-section elementor-top-section elementor-element elementor-element-be09040 elementor-section-boxed elementor-section-height-default elementor-section-height-default\" data-id=\"be09040\" data-element_type=\"section\">\n\t\t\t\t\t\t<div class=\"elementor-container elementor-column-gap-default\">\n\t\t\t\t\t<div class=\"elementor-column elementor-col-100 elementor-top-column elementor-element elementor-element-6085b6d\" data-id=\"6085b6d\" data-element_type=\"column\">\n\t\t\t<div class=\"elementor-widget-wrap elementor-element-populated\">\n\t\t\t\t\t\t<section class=\"elementor-section elementor-inner-section elementor-element elementor-element-7d6bd07 elementor-section-boxed elementor-section-height-default elementor-section-height-default\" data-id=\"7d6bd07\" data-element_type=\"section\">\n\t\t\t\t\t\t<div class=\"elementor-container elementor-column-gap-default\">\n\t\t\t\t\t<div class=\"elementor-column elementor-col-33 elementor-inner-column elementor-element elementor-element-2643ecf\" data-id=\"2643ecf\" data-element_type=\"column\">\n\t\t\t<div class=\"elementor-widget-wrap elementor-element-populated\">\n\t\t\t\t\t\t<div class=\"elementor-element elementor-element-9d24735 elementor-widget elementor-widget-image\" data-id=\"9d24735\" data-element_type=\"widget\" data-widget_type=\"image.default\">\n\t\t\t\t<div class=\"elementor-widget-container\">\n\t\t\t\t\t\t\t\t\t\t\t\t\t\t\t<img fetchpriority=\"high\" decoding=\"async\" width=\"709\" height=\"1024\" src=\"https:\/\/dobrydentysta.org.pl\/wp-content\/uploads\/2024\/01\/Malgorzata-Irodenko-zdjecie-min-709x1024.jpg\" class=\"attachment-large size-large wp-image-342\" alt=\"Zdj\u0119cie dr Ma\u0142gorzaty Irodenko\" srcset=\"https:\/\/dobrydentysta.org.pl\/wp-content\/uploads\/2024\/01\/Malgorzata-Irodenko-zdjecie-min-709x1024.jpg 709w, https:\/\/dobrydentysta.org.pl\/wp-content\/uploads\/2024\/01\/Malgorzata-Irodenko-zdjecie-min-208x300.jpg 208w, https:\/\/dobrydentysta.org.pl\/wp-content\/uploads\/2024\/01\/Malgorzata-Irodenko-zdjecie-min-768x1110.jpg 768w, https:\/\/dobrydentysta.org.pl\/wp-content\/uploads\/2024\/01\/Malgorzata-Irodenko-zdjecie-min-1063x1536.jpg 1063w, https:\/\/dobrydentysta.org.pl\/wp-content\/uploads\/2024\/01\/Malgorzata-Irodenko-zdjecie-min-1417x2048.jpg 1417w, https:\/\/dobrydentysta.org.pl\/wp-content\/uploads\/2024\/01\/Malgorzata-Irodenko-zdjecie-min-scaled.jpg 1772w\" sizes=\"(max-width: 709px) 100vw, 709px\" \/>\t\t\t\t\t\t\t\t\t\t\t\t\t\t\t<\/div>\n\t\t\t\t<\/div>\n\t\t\t\t\t<\/div>\n\t\t<\/div>\n\t\t\t\t<div class=\"elementor-column elementor-col-66 elementor-inner-column elementor-element elementor-element-5793b81\" data-id=\"5793b81\" data-element_type=\"column\">\n\t\t\t<div class=\"elementor-widget-wrap elementor-element-populated\">\n\t\t\t\t\t\t<div class=\"elementor-element elementor-element-ab977b2 elementor-widget elementor-widget-text-editor\" data-id=\"ab977b2\" data-element_type=\"widget\" data-widget_type=\"text-editor.default\">\n\t\t\t\t<div class=\"elementor-widget-container\">\n\t\t\t\t\t\t\t\t\t<p data-sourcepos=\"1:1-1:207\"><strong>Dr Ma\u0142gorzata Irodenko<\/strong> jest lekarzem stomatologiem z ponad 10-letnim do\u015bwiadczeniem. Absolwentka <b>Gda\u0144skiego Uniwersytetu Medycznego,<\/b> stale podnosz\u0105ca swoje kwalifikacje na licznych kursach i szkoleniach.<\/p><p data-sourcepos=\"3:1-3:252\">Specjalizuje si\u0119 w <b>leczeniu zachowawczym<\/b> i <b>endodontycznym<\/b>, z wykorzystaniem nowoczesnych technik i technologii. W swojej pracy wykorzystuje <b>mikroskop stomatologiczny,<\/b> kt\u00f3ry pozwala na precyzyjne wykonywanie zabieg\u00f3w nawet w trudno dost\u0119pnych miejscach.<\/p><p data-sourcepos=\"5:1-5:197\">Jest r\u00f3wnie\u017c do\u015bwiadczonym <b>lekarzem stomatologii dzieci\u0119cej.<\/b> Doskonale rozumie potrzeby i obawy ma\u0142ych pacjent\u00f3w, dlatego stara si\u0119, aby wizyty w gabinecie by\u0142y dla nich jak najbardziej komfortowe.<\/p>\t\t\t\t\t\t\t\t<\/div>\n\t\t\t\t<\/div>\n\t\t\t\t\t<\/div>\n\t\t<\/div>\n\t\t\t\t\t<\/div>\n\t\t<\/section>\n\t\t\t\t\t<\/div>\n\t\t<\/div>\n\t\t\t\t\t<\/div>\n\t\t<\/section>\n\t\t\t\t<\/div>\n\t\t","protected":false},"excerpt":{"rendered":"<p>DR Ma\u0141gorzata Irodenko Dr Ma\u0142gorzata Irodenko jest lekarzem stomatologiem z ponad 10-letnim do\u015bwiadczeniem. Absolwentka Gda\u0144skiego Uniwersytetu Medycznego, stale podnosz\u0105ca swoje kwalifikacje na licznych kursach i szkoleniach. Specjalizuje si\u0119 w leczeniu zachowawczym i endodontycznym, z wykorzystaniem nowoczesnych technik i technologii. W swojej pracy wykorzystuje mikroskop stomatologiczny, kt\u00f3ry pozwala na precyzyjne wykonywanie zabieg\u00f3w nawet w trudno dost\u0119pnych&hellip;&nbsp;<a href=\"https:\/\/dobrydentysta.org.pl\/?page_id=361\" rel=\"bookmark\">Dowiedz si\u0119 wi\u0119cej &raquo;<span class=\"screen-reader-text\">Dr Ma\u0142gorzata Irodenko<\/span><\/a><\/p>\n","protected":false},"author":2,"featured_media":207,"parent":0,"menu_order":0,"comment_status":"closed","ping_status":"closed","template":"elementor_header_footer","meta":{"neve_meta_sidebar":"full-width","neve_meta_container":"","neve_meta_enable_content_width":"on","neve_meta_content_width":100,"neve_meta_title_alignment":"","neve_meta_author_avatar":"","neve_post_elements_order":"","neve_meta_disable_header":"","neve_meta_disable_footer":"","neve_meta_disable_title":"","footnotes":""},"class_list":["post-361","page","type-page","status-publish","has-post-thumbnail","hentry"],"_links":{"self":[{"href":"https:\/\/dobrydentysta.org.pl\/index.php?rest_route=\/wp\/v2\/pages\/361","targetHints":{"allow":["GET"]}}],"collection":[{"href":"https:\/\/dobrydentysta.org.pl\/index.php?rest_route=\/wp\/v2\/pages"}],"about":[{"href":"https:\/\/dobrydentysta.org.pl\/index.php?rest_route=\/wp\/v2\/types\/page"}],"author":[{"embeddable":true,"href":"https:\/\/dobrydentysta.org.pl\/index.php?rest_route=\/wp\/v2\/users\/2"}],"replies":[{"embeddable":true,"href":"https:\/\/dobrydentysta.org.pl\/index.php?rest_route=%2Fwp%2Fv2%2Fcomments&post=361"}],"version-history":[{"count":10,"href":"https:\/\/dobrydentysta.org.pl\/index.php?rest_route=\/wp\/v2\/pages\/361\/revisions"}],"predecessor-version":[{"id":371,"href":"https:\/\/dobrydentysta.org.pl\/index.php?rest_route=\/wp\/v2\/pages\/361\/revisions\/371"}],"wp:featuredmedia":[{"embeddable":true,"href":"https:\/\/dobrydentysta.org.pl\/index.php?rest_route=\/wp\/v2\/media\/207"}],"wp:attachment":[{"href":"https:\/\/dobrydentysta.org.pl\/index.php?rest_route=%2Fwp%2Fv2%2Fmedia&parent=361"}],"curies":[{"name":"wp","href":"https:\/\/api.w.org\/{rel}","templated":true}]}}